{"id":10,"date":"2023-09-12T12:19:23","date_gmt":"2023-09-12T12:19:23","guid":{"rendered":"https:\/\/plantasbelvis.eneticproyectos.com\/?page_id=10"},"modified":"2023-10-24T14:58:22","modified_gmt":"2023-10-24T12:58:22","slug":"blog","status":"publish","type":"page","link":"https:\/\/plantasbelvis.eneticproyectos.com\/index.php\/blog\/","title":{"rendered":"BLOG"},"content":{"rendered":"<p><style>\/*! elementor - v3.16.0 - 12-09-2023 *\/<br \/>\n.elementor-heading-title{padding:0;margin:0;line-height:1}.elementor-widget-heading .elementor-heading-title[class*=elementor-size-]>a{color:inherit;font-size:inherit;line-height:inherit}.elementor-widget-heading .elementor-heading-title.elementor-size-small{font-size:15px}.elementor-widget-heading .elementor-heading-title.elementor-size-medium{font-size:19px}.elementor-widget-heading .elementor-heading-title.elementor-size-large{font-size:29px}.elementor-widget-heading .elementor-heading-title.elementor-size-xl{font-size:39px}.elementor-widget-heading .elementor-heading-title.elementor-size-xxl{font-size:59px}<\/style>\n<\/p>\n<h2 style=\"text-align: center;\">Bienvenido al Blog de Mer\u00fa<\/h2>\n<p style=\"text-align: center;\">Ent\u00e9rate de las \u00faltimas noticias, tendencias y consejos en jardiner\u00eda. Todo lo relacionado con flores, plantas y dem\u00e1s a tu disposici\u00f3n.\u00a0<\/p>\n<p><style>\/*! elementor - v3.16.0 - 12-09-2023 *\/<br \/>\n.elementor-column .elementor-spacer-inner{height:var(--spacer-size)}.e-con{--container-widget-width:100%}.e-con-inner>.elementor-widget-spacer,.e-con>.elementor-widget-spacer{width:var(--container-widget-width,var(--spacer-size));--align-self:var(--container-widget-align-self,initial);--flex-shrink:0}.e-con-inner>.elementor-widget-spacer>.elementor-widget-container,.e-con>.elementor-widget-spacer>.elementor-widget-container{height:100%;width:100%}.e-con-inner>.elementor-widget-spacer>.elementor-widget-container>.elementor-spacer,.e-con>.elementor-widget-spacer>.elementor-widget-container>.elementor-spacer{height:100%}.e-con-inner>.elementor-widget-spacer>.elementor-widget-container>.elementor-spacer>.elementor-spacer-inner,.e-con>.elementor-widget-spacer>.elementor-widget-container>.elementor-spacer>.elementor-spacer-inner{height:var(--container-widget-height,var(--spacer-size))}.e-con-inner>.elementor-widget-spacer.elementor-widget-empty,.e-con>.elementor-widget-spacer.elementor-widget-empty{position:relative;min-height:22px;min-width:22px}.e-con-inner>.elementor-widget-spacer.elementor-widget-empty .elementor-widget-empty-icon,.e-con>.elementor-widget-spacer.elementor-widget-empty .elementor-widget-empty-icon{position:absolute;top:0;bottom:0;left:0;right:0;margin:auto;padding:0;width:22px;height:22px}<\/style>\n<\/p>\n\n\n<div class=\"wp-block-columns alignwide is-layout-flex wp-container-core-columns-is-layout-28f84493 wp-block-columns-is-layout-flex\">\n<div class=\"wp-block-column is-layout-flow wp-block-column-is-layout-flow\"><ul class=\"wp-block-latest-posts__list is-grid columns-2 has-dates has-author wp-block-latest-posts\"><li><div class=\"wp-block-latest-posts__featured-image alignleft\"><img loading=\"lazy\" decoding=\"async\" width=\"150\" height=\"150\" src=\"https:\/\/plantasbelvis.eneticproyectos.com\/wp-content\/uploads\/2023\/10\/FLOR-18-150x150.jpg\" class=\"attachment-thumbnail size-thumbnail wp-post-image\" alt=\"\" style=\"\" srcset=\"https:\/\/plantasbelvis.eneticproyectos.com\/wp-content\/uploads\/2023\/10\/FLOR-18-150x150.jpg 150w, https:\/\/plantasbelvis.eneticproyectos.com\/wp-content\/uploads\/2023\/10\/FLOR-18-300x300.jpg 300w, https:\/\/plantasbelvis.eneticproyectos.com\/wp-content\/uploads\/2023\/10\/FLOR-18-1024x1024.jpg 1024w, https:\/\/plantasbelvis.eneticproyectos.com\/wp-content\/uploads\/2023\/10\/FLOR-18-768x768.jpg 768w, https:\/\/plantasbelvis.eneticproyectos.com\/wp-content\/uploads\/2023\/10\/FLOR-18-1536x1536.jpg 1536w, https:\/\/plantasbelvis.eneticproyectos.com\/wp-content\/uploads\/2023\/10\/FLOR-18.jpg 1800w\" sizes=\"auto, (max-width: 150px) 100vw, 150px\" \/><\/div><a class=\"wp-block-latest-posts__post-title\" href=\"https:\/\/plantasbelvis.eneticproyectos.com\/index.php\/2023\/10\/19\/tips-arreglos-florales\/\">Belleza floral: Tips para crear arreglos florales para ocasiones especiales<\/a><div class=\"wp-block-latest-posts__post-author\">por desarrolloweb<\/div><time datetime=\"2023-10-19T15:21:46+02:00\" class=\"wp-block-latest-posts__post-date\">19 de octubre de 2023<\/time><div class=\"wp-block-latest-posts__post-excerpt\">Las flores tienen la capacidad de transformar cualquier ocasi\u00f3n especial en un evento inolvidable. Ya sea una boda, un cumplea\u00f1os &hellip;<p class=\"read-more\"> <a class=\"\" href=\"https:\/\/plantasbelvis.eneticproyectos.com\/index.php\/2023\/10\/19\/tips-arreglos-florales\/\"> <span class=\"screen-reader-text\">Belleza floral: Tips para crear arreglos florales para ocasiones especiales<\/span> Leer m\u00e1s &raquo;<\/a><\/p><\/div><\/li>\n<li><div class=\"wp-block-latest-posts__featured-image alignleft\"><img loading=\"lazy\" decoding=\"async\" width=\"150\" height=\"150\" src=\"https:\/\/plantasbelvis.eneticproyectos.com\/wp-content\/uploads\/2023\/10\/pexels-lina-kivaka-1585892-150x150.jpg\" class=\"attachment-thumbnail size-thumbnail wp-post-image\" alt=\"oto\u00f1o hojas plantas y flores de oto\u00f1o\" style=\"\" \/><\/div><a class=\"wp-block-latest-posts__post-title\" href=\"https:\/\/plantasbelvis.eneticproyectos.com\/index.php\/2023\/10\/11\/flores-preservadas-que-son-2\/\">Las mejores plantas y flores oto\u00f1ales para decorar tu jard\u00edn<\/a><div class=\"wp-block-latest-posts__post-author\">por desarrolloweb<\/div><time datetime=\"2023-10-11T14:25:58+02:00\" class=\"wp-block-latest-posts__post-date\">11 de octubre de 2023<\/time><div class=\"wp-block-latest-posts__post-excerpt\">El oto\u00f1o es una de las estaciones m\u00e1s encantadoras del a\u00f1o para los amantes de la jardiner\u00eda. A medida que &hellip;<p class=\"read-more\"> <a class=\"\" href=\"https:\/\/plantasbelvis.eneticproyectos.com\/index.php\/2023\/10\/11\/flores-preservadas-que-son-2\/\"> <span class=\"screen-reader-text\">Las mejores plantas y flores oto\u00f1ales para decorar tu jard\u00edn<\/span> Leer m\u00e1s &raquo;<\/a><\/p><\/div><\/li>\n<li><div class=\"wp-block-latest-posts__featured-image alignleft\"><img loading=\"lazy\" decoding=\"async\" width=\"150\" height=\"150\" src=\"https:\/\/plantasbelvis.eneticproyectos.com\/wp-content\/uploads\/2023\/10\/FLOR-PRESERVADA-5-150x150.jpg\" class=\"attachment-thumbnail size-thumbnail wp-post-image\" alt=\"\" style=\"\" srcset=\"https:\/\/plantasbelvis.eneticproyectos.com\/wp-content\/uploads\/2023\/10\/FLOR-PRESERVADA-5-150x150.jpg 150w, https:\/\/plantasbelvis.eneticproyectos.com\/wp-content\/uploads\/2023\/10\/FLOR-PRESERVADA-5-300x300.jpg 300w, https:\/\/plantasbelvis.eneticproyectos.com\/wp-content\/uploads\/2023\/10\/FLOR-PRESERVADA-5.jpg 739w\" sizes=\"auto, (max-width: 150px) 100vw, 150px\" \/><\/div><a class=\"wp-block-latest-posts__post-title\" href=\"https:\/\/plantasbelvis.eneticproyectos.com\/index.php\/2023\/10\/04\/flores-preservadas-que-son\/\">Flores Preservadas: Naturaleza inmortal en tu hogar<\/a><div class=\"wp-block-latest-posts__post-author\">por desarrolloweb<\/div><time datetime=\"2023-10-04T13:08:30+02:00\" class=\"wp-block-latest-posts__post-date\">4 de octubre de 2023<\/time><div class=\"wp-block-latest-posts__post-excerpt\">Las flores son s\u00edmbolos de belleza y frescura, pero su ef\u00edmera belleza a menudo las condena a marchitarse en poco &hellip;<p class=\"read-more\"> <a class=\"\" href=\"https:\/\/plantasbelvis.eneticproyectos.com\/index.php\/2023\/10\/04\/flores-preservadas-que-son\/\"> <span class=\"screen-reader-text\">Flores Preservadas: Naturaleza inmortal en tu hogar<\/span> Leer m\u00e1s &raquo;<\/a><\/p><\/div><\/li>\n<li><div class=\"wp-block-latest-posts__featured-image alignleft\"><img loading=\"lazy\" decoding=\"async\" width=\"150\" height=\"150\" src=\"https:\/\/plantasbelvis.eneticproyectos.com\/wp-content\/uploads\/2023\/09\/pexels-cottonbro-studio-4503267-1-1-150x150.jpg\" class=\"attachment-thumbnail size-thumbnail wp-post-image\" alt=\"Consejos para principiantes b\u00e1sicos de jardiner\u00eda\" style=\"\" \/><\/div><a class=\"wp-block-latest-posts__post-title\" href=\"https:\/\/plantasbelvis.eneticproyectos.com\/index.php\/2023\/09\/20\/consejos-basicos-jardineria\/\">Consejos b\u00e1sicos de jardiner\u00eda para principantes<\/a><div class=\"wp-block-latest-posts__post-author\">por desarrolloweb<\/div><time datetime=\"2023-09-20T12:27:18+02:00\" class=\"wp-block-latest-posts__post-date\">20 de septiembre de 2023<\/time><div class=\"wp-block-latest-posts__post-excerpt\">Iniciar tu viaje en el mundo de la jardiner\u00eda puede ser emocionante y gratificante. Ya sea que tengas un peque\u00f1o &hellip;<p class=\"read-more\"> <a class=\"\" href=\"https:\/\/plantasbelvis.eneticproyectos.com\/index.php\/2023\/09\/20\/consejos-basicos-jardineria\/\"> <span class=\"screen-reader-text\">Consejos b\u00e1sicos de jardiner\u00eda para principantes<\/span> Leer m\u00e1s &raquo;<\/a><\/p><\/div><\/li>\n<li><div class=\"wp-block-latest-posts__featured-image alignleft\"><img loading=\"lazy\" decoding=\"async\" width=\"150\" height=\"150\" src=\"https:\/\/plantasbelvis.eneticproyectos.com\/wp-content\/uploads\/2023\/10\/garden-783344_1280-150x150.jpg\" class=\"attachment-thumbnail size-thumbnail wp-post-image\" alt=\"\" style=\"\" \/><\/div><a class=\"wp-block-latest-posts__post-title\" href=\"https:\/\/plantasbelvis.eneticproyectos.com\/index.php\/2023\/09\/15\/crear-jardines-tematicos\/\">Creando jardines tem\u00e1ticos con Plantas, Flores y Cactus<\/a><div class=\"wp-block-latest-posts__post-author\">por desarrolloweb<\/div><time datetime=\"2023-09-15T11:44:27+02:00\" class=\"wp-block-latest-posts__post-date\">15 de septiembre de 2023<\/time><div class=\"wp-block-latest-posts__post-excerpt\">Los jardines tem\u00e1ticos son una forma creativa de dar vida a tu espacio al aire libre y a\u00f1adir un toque &hellip;<p class=\"read-more\"> <a class=\"\" href=\"https:\/\/plantasbelvis.eneticproyectos.com\/index.php\/2023\/09\/15\/crear-jardines-tematicos\/\"> <span class=\"screen-reader-text\">Creando jardines tem\u00e1ticos con Plantas, Flores y Cactus<\/span> Leer m\u00e1s &raquo;<\/a><\/p><\/div><\/li>\n<li><div class=\"wp-block-latest-posts__featured-image alignleft\"><img loading=\"lazy\" decoding=\"async\" width=\"150\" height=\"150\" src=\"https:\/\/plantasbelvis.eneticproyectos.com\/wp-content\/uploads\/2023\/09\/pexels-min-an-793012-150x150.jpg\" class=\"attachment-thumbnail size-thumbnail wp-post-image\" alt=\"tendencias 2023 en jardiner\u00eda\" style=\"\" \/><\/div><a class=\"wp-block-latest-posts__post-title\" href=\"https:\/\/plantasbelvis.eneticproyectos.com\/index.php\/2023\/09\/05\/tendencias-jardin-2023\/\">Tendencias en jardiner\u00eda 2023: innovaci\u00f3n y creatividad en tu jard\u00edn<\/a><div class=\"wp-block-latest-posts__post-author\">por desarrolloweb<\/div><time datetime=\"2023-09-05T16:12:31+02:00\" class=\"wp-block-latest-posts__post-date\">5 de septiembre de 2023<\/time><div class=\"wp-block-latest-posts__post-excerpt\">La jardiner\u00eda es un mundo en constante evoluci\u00f3n, y cada a\u00f1o trae nuevas tendencias y enfoques emocionantes. Si eres un &hellip;<p class=\"read-more\"> <a class=\"\" href=\"https:\/\/plantasbelvis.eneticproyectos.com\/index.php\/2023\/09\/05\/tendencias-jardin-2023\/\"> <span class=\"screen-reader-text\">Tendencias en jardiner\u00eda 2023: innovaci\u00f3n y creatividad en tu jard\u00edn<\/span> Leer m\u00e1s &raquo;<\/a><\/p><\/div><\/li>\n<li><div class=\"wp-block-latest-posts__featured-image alignleft\"><img loading=\"lazy\" decoding=\"async\" width=\"150\" height=\"150\" src=\"https:\/\/plantasbelvis.eneticproyectos.com\/wp-content\/uploads\/2021\/08\/Group-107-150x150.jpg\" class=\"attachment-thumbnail size-thumbnail wp-post-image\" alt=\"\" style=\"\" srcset=\"https:\/\/plantasbelvis.eneticproyectos.com\/wp-content\/uploads\/2021\/08\/Group-107-150x150.jpg 150w, https:\/\/plantasbelvis.eneticproyectos.com\/wp-content\/uploads\/2021\/08\/Group-107-300x300.jpg 300w, https:\/\/plantasbelvis.eneticproyectos.com\/wp-content\/uploads\/2021\/08\/Group-107-100x100.jpg 100w\" sizes=\"auto, (max-width: 150px) 100vw, 150px\" \/><\/div><a class=\"wp-block-latest-posts__post-title\" href=\"https:\/\/plantasbelvis.eneticproyectos.com\/index.php\/2023\/09\/01\/guia-cuidado-plantas\/\">Gu\u00eda de cuidado de plantas: Consejos para mantener tu jard\u00edn interior<\/a><div class=\"wp-block-latest-posts__post-author\">por desarrolloweb<\/div><time datetime=\"2023-09-01T12:11:56+02:00\" class=\"wp-block-latest-posts__post-date\">1 de septiembre de 2023<\/time><div class=\"wp-block-latest-posts__post-excerpt\">El cultivo de plantas en el interior de tu hogar es una forma maravillosa de traer la belleza de la &hellip;<p class=\"read-more\"> <a class=\"\" href=\"https:\/\/plantasbelvis.eneticproyectos.com\/index.php\/2023\/09\/01\/guia-cuidado-plantas\/\"> <span class=\"screen-reader-text\">Gu\u00eda de cuidado de plantas: Consejos para mantener tu jard\u00edn interior<\/span> Leer m\u00e1s &raquo;<\/a><\/p><\/div><\/li>\n<\/ul><\/div>\n<\/div>\n","protected":false},"excerpt":{"rendered":"<p>Bienvenido al Blog de Mer\u00fa Ent\u00e9rate de las \u00faltimas noticias, tendencias y consejos en jardiner\u00eda. Todo lo relacionado con flores, plantas y dem\u00e1s a tu disposici\u00f3n.\u00a0<\/p>\n","protected":false},"author":1,"featured_media":0,"parent":0,"menu_order":0,"comment_status":"closed","ping_status":"closed","template":"","meta":{"_monsterinsights_skip_tracking":false,"_monsterinsights_sitenote_active":false,"_monsterinsights_sitenote_note":"","_monsterinsights_sitenote_category":0,"site-sidebar-layout":"no-sidebar","site-content-layout":"page-builder","ast-site-content-layout":"full-width-container","site-content-style":"unboxed","site-sidebar-style":"unboxed","ast-global-header-display":"","ast-banner-title-visibility":"","ast-main-header-display":"","ast-hfb-above-header-display":"","ast-hfb-below-header-display":"","ast-hfb-mobile-header-display":"","site-post-title":"disabled","ast-breadcrumbs-content":"","ast-featured-img":"","footer-sml-layout":"","theme-transparent-header-meta":"","adv-header-id-meta":"","stick-header-meta":"","header-above-stick-meta":"","header-main-stick-meta":"","header-below-stick-meta":"","astra-migrate-meta-layouts":"set","footnotes":""},"class_list":["post-10","page","type-page","status-publish","hentry"],"aioseo_notices":[],"_links":{"self":[{"href":"https:\/\/plantasbelvis.eneticproyectos.com\/index.php\/wp-json\/wp\/v2\/pages\/10","targetHints":{"allow":["GET"]}}],"collection":[{"href":"https:\/\/plantasbelvis.eneticproyectos.com\/index.php\/wp-json\/wp\/v2\/pages"}],"about":[{"href":"https:\/\/plantasbelvis.eneticproyectos.com\/index.php\/wp-json\/wp\/v2\/types\/page"}],"author":[{"embeddable":true,"href":"https:\/\/plantasbelvis.eneticproyectos.com\/index.php\/wp-json\/wp\/v2\/users\/1"}],"replies":[{"embeddable":true,"href":"https:\/\/plantasbelvis.eneticproyectos.com\/index.php\/wp-json\/wp\/v2\/comments?post=10"}],"version-history":[{"count":18,"href":"https:\/\/plantasbelvis.eneticproyectos.com\/index.php\/wp-json\/wp\/v2\/pages\/10\/revisions"}],"predecessor-version":[{"id":1627,"href":"https:\/\/plantasbelvis.eneticproyectos.com\/index.php\/wp-json\/wp\/v2\/pages\/10\/revisions\/1627"}],"wp:attachment":[{"href":"https:\/\/plantasbelvis.eneticproyectos.com\/index.php\/wp-json\/wp\/v2\/media?parent=10"}],"curies":[{"name":"wp","href":"https:\/\/api.w.org\/{rel}","templated":true}]}}